{"id":13376,"date":"2024-03-04T13:31:29","date_gmt":"2024-03-04T11:31:30","guid":{"rendered":"https:\/\/omtek.md\/?post_type=product&#038;p=13376"},"modified":"2024-05-26T14:59:37","modified_gmt":"2024-05-26T11:59:37","slug":"726-porti-sectionate-automatizate-la-garaj-culoare-argentie-floresti","status":"publish","type":"product","link":"https:\/\/omtek.md\/ro\/produs\/726-porti-sectionate-automatizate-la-garaj-culoare-argentie-floresti\/","title":{"rendered":"\u2116726 Por\u021bi sec\u021bionate pentru garaj Alutech Trend, culoare Argintie, lucrare \u00een or.Flore\u0219ti (1 poz\u0103)"},"content":{"rendered":"<div dir=\"auto\"><span class=\"x3nfvp2 x1j61x8r x1fcty0u xdj266r xhhsvwb xat24cr xgzva0m xxymvpz xlup9mm x1kky2od\"><img loading=\"lazy\" decoding=\"async\" src=\"https:\/\/static.xx.fbcdn.net\/images\/emoji.php\/v9\/tb4\/2\/16\/2705.png\" alt=\"\u2705\" width=\"16\" height=\"16\" \/><\/span> Lucrare finisat\u0103 de echipa Omtek. Por\u021bi sec\u021bionate pentru garaj Alutech Trend, culoare Argintie, lucrare \u00een or.Flore\u0219ti. M\u0103rimile 3100\u00d72400, culoarea Argintie RAL 9006. Por\u021bile sunt dotate cu sistem de deschidre de avarie, \u00een caz dac\u0103 a fost deconectat\u0103 energia electric\u0103.<\/div>\n<div dir=\"auto\"><span class=\"x3nfvp2 x1j61x8r x1fcty0u xdj266r xhhsvwb xat24cr xgzva0m xxymvpz xlup9mm x1kky2od\"><img loading=\"lazy\" decoding=\"async\" src=\"https:\/\/static.xx.fbcdn.net\/images\/emoji.php\/v9\/tef\/2\/16\/1f525.png\" alt=\"?\" width=\"16\" height=\"16\" \/><\/span> Pentru a comanda por\u021bi tip sec\u021bionate \u00een rate la 0% apela\u021bi <a href=\"tel:022238238\">022 238 238<\/a>.<\/div>\n<div dir=\"auto\">\n<div dir=\"auto\"><span class=\"x3nfvp2 x1j61x8r x1fcty0u xdj266r xhhsvwb xat24cr xgzva0m xxymvpz xlup9mm x1kky2od\"><img loading=\"lazy\" decoding=\"async\" src=\"https:\/\/static.xx.fbcdn.net\/images\/emoji.php\/v9\/tde\/2\/16\/26a1.png\" alt=\"\u26a1\" width=\"16\" height=\"16\" \/><\/span> Compania OMTEK produce, livreaz\u0103, monteaz\u0103 \u0219i deserve\u0219te:<\/div>\n<div dir=\"auto\">&#8211; <a href=\"https:\/\/omtek.md\/ro\/porti-de-garaj\/porti-de-garaj-rolante\/\">Por\u021bi tip rolete<\/a><\/div>\n<div dir=\"auto\">&#8211; <a href=\"https:\/\/omtek.md\/ro\/porti-de-garaj\/usi-sectionale\/\">Por\u021bi tip sec\u021bie<\/a><\/div>\n<div dir=\"auto\">&#8211; <a href=\"https:\/\/omtek.md\/ro\/porti-de-intrare\/porti-batante\/\">Por\u021bi batante<\/a><\/div>\n<div dir=\"auto\">&#8211; <a href=\"https:\/\/omtek.md\/ro\/porti-de-intrare\/porti-culisante\/\">Por\u021bi culisante<\/a><\/div>\n<div dir=\"auto\">&#8211; <a href=\"https:\/\/omtek.md\/ro\/pentru-clientii-corporativi\/poarta-pentru-unitati-comerciale\/porti-industriale\/\">Por\u021bi industriale<\/a><\/div>\n<div dir=\"auto\">&#8211; <a href=\"https:\/\/omtek.md\/ro\/pentru-clientii-corporativi\/poarta-pentru-unitati-comerciale\/porti-panoramice\/\">Por\u021bi sec\u021bie panoramice<\/a><\/div>\n<div dir=\"auto\">&#8211; <a href=\"https:\/\/omtek.md\/ro\/bariere\/\">Bariere automatizate<\/a><\/div>\n<div dir=\"auto\">&#8211; <a href=\"https:\/\/omtek.md\/ro\/pentru-clientii-corporativi\/echipamente-transbordare\/platforme-de-nivelare\/\">Platforme de nivelare<\/a><\/div>\n<div dir=\"auto\"><span class=\"x3nfvp2 x1j61x8r x1fcty0u xdj266r xhhsvwb xat24cr xgzva0m xxymvpz xlup9mm x1kky2od\"><img loading=\"lazy\" decoding=\"async\" src=\"https:\/\/static.xx.fbcdn.net\/images\/emoji.php\/v9\/tdf\/2\/16\/1f4a5.png\" alt=\"?\" width=\"16\" height=\"16\" \/><\/span> Despre compania Omtek SRL:<\/div>\n<div dir=\"auto\"><span class=\"x3nfvp2 x1j61x8r x1fcty0u xdj266r xhhsvwb xat24cr xgzva0m xxymvpz xlup9mm x1kky2od\"><img loading=\"lazy\" decoding=\"async\" src=\"https:\/\/static.xx.fbcdn.net\/images\/emoji.php\/v9\/t92\/2\/16\/1f539.png\" alt=\"?\" width=\"16\" height=\"16\" \/><\/span> Activeaz\u0103 \u00een Republica Moldova <span class=\"x3nfvp2 x1j61x8r x1fcty0u xdj266r xhhsvwb xat24cr xgzva0m xxymvpz xlup9mm x1kky2od\"><img loading=\"lazy\" decoding=\"async\" src=\"https:\/\/static.xx.fbcdn.net\/images\/emoji.php\/v9\/t65\/2\/16\/1f1f2_1f1e9.png\" alt=\"??\" width=\"16\" height=\"16\" \/><\/span> din anul 1994!<\/div>\n<div dir=\"auto\"><span class=\"x3nfvp2 x1j61x8r x1fcty0u xdj266r xhhsvwb xat24cr xgzva0m xxymvpz xlup9mm x1kky2od\"><img loading=\"lazy\" decoding=\"async\" src=\"https:\/\/static.xx.fbcdn.net\/images\/emoji.php\/v9\/t92\/2\/16\/1f539.png\" alt=\"?\" width=\"16\" height=\"16\" \/><\/span> Producere proprie de rolete, lucra\u021bi cu produc\u0103torul.<\/div>\n<div dir=\"auto\"><span class=\"x3nfvp2 x1j61x8r x1fcty0u xdj266r xhhsvwb xat24cr xgzva0m xxymvpz xlup9mm x1kky2od\"><img loading=\"lazy\" decoding=\"async\" src=\"https:\/\/static.xx.fbcdn.net\/images\/emoji.php\/v9\/t92\/2\/16\/1f539.png\" alt=\"?\" width=\"16\" height=\"16\" \/><\/span> Partener oficial Alutech, avem cele mai avantajoase pre\u021buri.<\/div>\n<div dir=\"auto\"><span class=\"x3nfvp2 x1j61x8r x1fcty0u xdj266r xhhsvwb xat24cr xgzva0m xxymvpz xlup9mm x1kky2od\"><img loading=\"lazy\" decoding=\"async\" src=\"https:\/\/static.xx.fbcdn.net\/images\/emoji.php\/v9\/t92\/2\/16\/1f539.png\" alt=\"?\" width=\"16\" height=\"16\" \/><\/span> Depozit propriu de piese.<\/div>\n<div dir=\"auto\"><span class=\"x3nfvp2 x1j61x8r x1fcty0u xdj266r xhhsvwb xat24cr xgzva0m xxymvpz xlup9mm x1kky2od\"><img loading=\"lazy\" decoding=\"async\" src=\"https:\/\/static.xx.fbcdn.net\/images\/emoji.php\/v9\/t48\/2\/16\/1f3ec.png\" alt=\"?\" width=\"16\" height=\"16\" \/><\/span> Oficiu \u0219i ShowRoom Omtek se afl\u0103 \u00een mun. Chi\u0219in\u0103u, str. Roman\u0103 24.<\/div>\n<div dir=\"auto\"><span class=\"x3nfvp2 x1j61x8r x1fcty0u xdj266r xhhsvwb xat24cr xgzva0m xxymvpz xlup9mm x1kky2od\"><img loading=\"lazy\" decoding=\"async\" src=\"https:\/\/static.xx.fbcdn.net\/images\/emoji.php\/v9\/tb5\/2\/16\/23f0.png\" alt=\"\u23f0\" width=\"16\" height=\"16\" \/><\/span> Lucr\u0103m de Luni p\u00e2n\u0103 Vineri 9:00-18:00, S\u00e2mb\u0103ta 10:00-14:00.<\/div>\n<div dir=\"auto\">\u260e Telefon de contact <a href=\"tel:022238238\">022 238 238<\/a><\/div>\n<\/div>\n","protected":false},"excerpt":{"rendered":"<p>Lucrare finisat\u0103 de echipa Omtek. Por\u021bi sec\u021bionate pentru garaj Alutech Trend, culoare Argintie, lucrare \u00een or.Flore\u0219ti. M\u0103rimile 3100\u00d72400, culoarea Argintie RAL 9006. Por\u021bile sunt dotate cu sistem de deschidre de avarie, \u00een caz dac\u0103 a fost deconectat\u0103 energia electric\u0103. Pentru a comanda por\u021bi tip sec\u021bionate \u00een rate la 0% apela\u021bi 022 238 238. Compania OMTEK [&#8230;]\n","protected":false},"featured_media":13378,"template":"","meta":{"_acf_changed":false,"_monsterinsights_skip_tracking":false,"_monsterinsights_sitenote_active":false,"_monsterinsights_sitenote_note":"","_monsterinsights_sitenote_category":0},"product_brand":[],"product_cat":[106],"product_tag":[57],"class_list":{"0":"post-13376","1":"product","2":"type-product","3":"status-publish","4":"has-post-thumbnail","6":"product_cat-porti-sectionale-casnice","7":"product_tag-porti_sectionale","9":"first","10":"instock","11":"shipping-taxable","12":"product-type-simple"},"acf":[],"_links":{"self":[{"href":"https:\/\/omtek.md\/ro\/wp-json\/wp\/v2\/product\/13376","targetHints":{"allow":["GET"]}}],"collection":[{"href":"https:\/\/omtek.md\/ro\/wp-json\/wp\/v2\/product"}],"about":[{"href":"https:\/\/omtek.md\/ro\/wp-json\/wp\/v2\/types\/product"}],"wp:featuredmedia":[{"embeddable":true,"href":"https:\/\/omtek.md\/ro\/wp-json\/wp\/v2\/media\/13378"}],"wp:attachment":[{"href":"https:\/\/omtek.md\/ro\/wp-json\/wp\/v2\/media?parent=13376"}],"wp:term":[{"taxonomy":"product_brand","embeddable":true,"href":"https:\/\/omtek.md\/ro\/wp-json\/wp\/v2\/product_brand?post=13376"},{"taxonomy":"product_cat","embeddable":true,"href":"https:\/\/omtek.md\/ro\/wp-json\/wp\/v2\/product_cat?post=13376"},{"taxonomy":"product_tag","embeddable":true,"href":"https:\/\/omtek.md\/ro\/wp-json\/wp\/v2\/product_tag?post=13376"}],"curies":[{"name":"wp","href":"https:\/\/api.w.org\/{rel}","templated":true}]}}