{"id":13250,"date":"2024-02-01T12:23:42","date_gmt":"2024-02-01T10:23:43","guid":{"rendered":"https:\/\/omtek.md\/?post_type=product&#038;p=13250"},"modified":"2024-02-01T12:51:27","modified_gmt":"2024-02-01T10:51:27","slug":"porti-rolete-in-moldova-la-pret-de-la-producator","status":"publish","type":"product","link":"https:\/\/omtek.md\/ro\/produs\/porti-rolete-in-moldova-la-pret-de-la-producator\/","title":{"rendered":"\u2116703 Por\u021bi rolete automatizate la intrare \u00een ograd\u0103, culoare Cafenie, mun. Chi\u0219in\u0103u (1 poz\u0103)"},"content":{"rendered":"<div dir=\"auto\"><span class=\"x3nfvp2 x1j61x8r x1fcty0u xdj266r xhhsvwb xat24cr xgzva0m xxymvpz xlup9mm x1kky2od\"><img loading=\"lazy\" decoding=\"async\" src=\"https:\/\/static.xx.fbcdn.net\/images\/emoji.php\/v9\/tb4\/2\/16\/2705.png\" alt=\"\u2705\" width=\"16\" height=\"16\" \/><\/span> Lucrare finisat\u0103 de echipa Omtek. Por\u021bi automate tip rolete, culoare CAFENIE, profil 77 Alutech \u00een mun. Chi\u0219in\u0103u. \u00cen por\u021bi sunt montate 14 lamele de vizualizare. Por\u021bile sunt dotate cu sistem de deschidre de avarie, \u00een caz dac\u0103 a fost deconectat\u0103 energia electric\u0103.<\/div>\n<div dir=\"auto\"><span class=\"x3nfvp2 x1j61x8r x1fcty0u xdj266r xhhsvwb xat24cr xgzva0m xxymvpz xlup9mm x1kky2od\"><img loading=\"lazy\" decoding=\"async\" src=\"https:\/\/static.xx.fbcdn.net\/images\/emoji.php\/v9\/tef\/2\/16\/1f525.png\" alt=\"?\" width=\"16\" height=\"16\" \/><\/span> Pentru a comanda por\u021bi tip rolete \u00een rate la 0% apela\u021bi <a href=\"tel:022238238\">022 238 238<\/a>.<\/div>\n<div dir=\"auto\">\n<div dir=\"auto\"><span class=\"x3nfvp2 x1j61x8r x1fcty0u xdj266r xhhsvwb xat24cr xgzva0m xxymvpz xlup9mm x1kky2od\"><img loading=\"lazy\" decoding=\"async\" src=\"https:\/\/static.xx.fbcdn.net\/images\/emoji.php\/v9\/tde\/2\/16\/26a1.png\" alt=\"\u26a1\" width=\"16\" height=\"16\" \/><\/span> Compania OMTEK produce, livreaz\u0103, monteaz\u0103 \u0219i deserve\u0219te:<\/div>\n<div dir=\"auto\">&#8211; <a href=\"https:\/\/omtek.md\/ro\/porti-de-garaj\/porti-de-garaj-rolante\/\">Por\u021bi tip rolete<\/a><\/div>\n<div dir=\"auto\">&#8211; <a href=\"https:\/\/omtek.md\/ro\/porti-de-garaj\/usi-sectionale\/\">Por\u021bi tip sec\u021bie<\/a><\/div>\n<div dir=\"auto\">&#8211; <a href=\"https:\/\/omtek.md\/ro\/porti-de-intrare\/porti-batante\/\">Por\u021bi batante<\/a><\/div>\n<div dir=\"auto\">&#8211; <a href=\"https:\/\/omtek.md\/ro\/porti-de-intrare\/porti-culisante\/\">Por\u021bi culisante<\/a><\/div>\n<div dir=\"auto\">&#8211; <a href=\"https:\/\/omtek.md\/ro\/pentru-clientii-corporativi\/poarta-pentru-unitati-comerciale\/porti-industriale\/\">Por\u021bi industriale<\/a><\/div>\n<div dir=\"auto\">&#8211; <a href=\"https:\/\/omtek.md\/ro\/pentru-clientii-corporativi\/poarta-pentru-unitati-comerciale\/porti-panoramice\/\">Por\u021bi sec\u021bie panoramice<\/a><\/div>\n<div dir=\"auto\">&#8211; <a href=\"https:\/\/omtek.md\/ro\/bariere\/\">Bariere automatizate<\/a><\/div>\n<div dir=\"auto\">&#8211; <a href=\"https:\/\/omtek.md\/ro\/pentru-clientii-corporativi\/echipamente-transbordare\/platforme-de-nivelare\/\">Platforme de nivelare<\/a><\/div>\n<div dir=\"auto\"><span class=\"x3nfvp2 x1j61x8r x1fcty0u xdj266r xhhsvwb xat24cr xgzva0m xxymvpz xlup9mm x1kky2od\"><img loading=\"lazy\" decoding=\"async\" src=\"https:\/\/static.xx.fbcdn.net\/images\/emoji.php\/v9\/tdf\/2\/16\/1f4a5.png\" alt=\"?\" width=\"16\" height=\"16\" \/><\/span> Despre compania Omtek SRL:<\/div>\n<div dir=\"auto\"><span class=\"x3nfvp2 x1j61x8r x1fcty0u xdj266r xhhsvwb xat24cr xgzva0m xxymvpz xlup9mm x1kky2od\"><img loading=\"lazy\" decoding=\"async\" src=\"https:\/\/static.xx.fbcdn.net\/images\/emoji.php\/v9\/t92\/2\/16\/1f539.png\" alt=\"?\" width=\"16\" height=\"16\" \/><\/span> Activeaz\u0103 \u00een Republica Moldova <span class=\"x3nfvp2 x1j61x8r x1fcty0u xdj266r xhhsvwb xat24cr xgzva0m xxymvpz xlup9mm x1kky2od\"><img loading=\"lazy\" decoding=\"async\" src=\"https:\/\/static.xx.fbcdn.net\/images\/emoji.php\/v9\/t65\/2\/16\/1f1f2_1f1e9.png\" alt=\"??\" width=\"16\" height=\"16\" \/><\/span> din anul 1994!<\/div>\n<div dir=\"auto\"><span class=\"x3nfvp2 x1j61x8r x1fcty0u xdj266r xhhsvwb xat24cr xgzva0m xxymvpz xlup9mm x1kky2od\"><img loading=\"lazy\" decoding=\"async\" src=\"https:\/\/static.xx.fbcdn.net\/images\/emoji.php\/v9\/t92\/2\/16\/1f539.png\" alt=\"?\" width=\"16\" height=\"16\" \/><\/span> Producere proprie de rolete, lucra\u021bi cu produc\u0103torul.<\/div>\n<div dir=\"auto\"><span class=\"x3nfvp2 x1j61x8r x1fcty0u xdj266r xhhsvwb xat24cr xgzva0m xxymvpz xlup9mm x1kky2od\"><img loading=\"lazy\" decoding=\"async\" src=\"https:\/\/static.xx.fbcdn.net\/images\/emoji.php\/v9\/t92\/2\/16\/1f539.png\" alt=\"?\" width=\"16\" height=\"16\" \/><\/span> Partener oficial Alutech, avem cele mai avantajoase pre\u021buri.<\/div>\n<div dir=\"auto\"><span class=\"x3nfvp2 x1j61x8r x1fcty0u xdj266r xhhsvwb xat24cr xgzva0m xxymvpz xlup9mm x1kky2od\"><img loading=\"lazy\" decoding=\"async\" src=\"https:\/\/static.xx.fbcdn.net\/images\/emoji.php\/v9\/t92\/2\/16\/1f539.png\" alt=\"?\" width=\"16\" height=\"16\" \/><\/span> Depozit propriu de piese.<\/div>\n<div dir=\"auto\"><span class=\"x3nfvp2 x1j61x8r x1fcty0u xdj266r xhhsvwb xat24cr xgzva0m xxymvpz xlup9mm x1kky2od\"><img loading=\"lazy\" decoding=\"async\" src=\"https:\/\/static.xx.fbcdn.net\/images\/emoji.php\/v9\/t48\/2\/16\/1f3ec.png\" alt=\"?\" width=\"16\" height=\"16\" \/><\/span> Oficiu \u0219i ShowRoom Omtek se afl\u0103 \u00een mun. Chi\u0219in\u0103u, str. Roman\u0103 24.<\/div>\n<div dir=\"auto\"><span class=\"x3nfvp2 x1j61x8r x1fcty0u xdj266r xhhsvwb xat24cr xgzva0m xxymvpz xlup9mm x1kky2od\"><img loading=\"lazy\" decoding=\"async\" src=\"https:\/\/static.xx.fbcdn.net\/images\/emoji.php\/v9\/tb5\/2\/16\/23f0.png\" alt=\"\u23f0\" width=\"16\" height=\"16\" \/><\/span> Lucr\u0103m de Luni p\u00e2n\u0103 Vineri 9:00-18:00, S\u00e2mb\u0103ta 10:00-14:00.<\/div>\n<div dir=\"auto\">\u260e Telefon de contact <a href=\"tel:022238238\">022 238 238<\/a><\/div>\n<\/div>\n","protected":false},"excerpt":{"rendered":"<p>Lucrare finisat\u0103 de echipa Omtek. Por\u021bi automate tip rolete, culoare CAFENIE, profil 77 Alutech \u00een mun. Chi\u0219in\u0103u. \u00cen por\u021bi sunt montate 14 lamele de vizualizare. Por\u021bile sunt dotate cu sistem de deschidre de avarie, \u00een caz dac\u0103 a fost deconectat\u0103 energia electric\u0103. Pentru a comanda por\u021bi tip rolete \u00een rate la 0% apela\u021bi 022 238 [&#8230;]\n","protected":false},"featured_media":13252,"template":"","meta":{"_acf_changed":false,"_monsterinsights_skip_tracking":false,"_monsterinsights_sitenote_active":false,"_monsterinsights_sitenote_note":"","_monsterinsights_sitenote_category":0},"product_brand":[],"product_cat":[83],"product_tag":[45,63,54],"class_list":{"0":"post-13250","1":"product","2":"type-product","3":"status-publish","4":"has-post-thumbnail","6":"product_cat-porti-rolante","7":"product_tag-porti_rolete","8":"product_tag-porti_rolete_cu_lamele_de_vizualizare","9":"product_tag-porti_rolete_intrare_in_ograda","11":"first","12":"instock","13":"shipping-taxable","14":"product-type-simple"},"acf":[],"_links":{"self":[{"href":"https:\/\/omtek.md\/ro\/wp-json\/wp\/v2\/product\/13250","targetHints":{"allow":["GET"]}}],"collection":[{"href":"https:\/\/omtek.md\/ro\/wp-json\/wp\/v2\/product"}],"about":[{"href":"https:\/\/omtek.md\/ro\/wp-json\/wp\/v2\/types\/product"}],"wp:featuredmedia":[{"embeddable":true,"href":"https:\/\/omtek.md\/ro\/wp-json\/wp\/v2\/media\/13252"}],"wp:attachment":[{"href":"https:\/\/omtek.md\/ro\/wp-json\/wp\/v2\/media?parent=13250"}],"wp:term":[{"taxonomy":"product_brand","embeddable":true,"href":"https:\/\/omtek.md\/ro\/wp-json\/wp\/v2\/product_brand?post=13250"},{"taxonomy":"product_cat","embeddable":true,"href":"https:\/\/omtek.md\/ro\/wp-json\/wp\/v2\/product_cat?post=13250"},{"taxonomy":"product_tag","embeddable":true,"href":"https:\/\/omtek.md\/ro\/wp-json\/wp\/v2\/product_tag?post=13250"}],"curies":[{"name":"wp","href":"https:\/\/api.w.org\/{rel}","templated":true}]}}